{"id":18,"date":"2020-11-28T12:04:44","date_gmt":"2020-11-28T12:04:44","guid":{"rendered":"http:\/\/dev.wew.ro\/df\/?page_id=18"},"modified":"2021-07-22T11:39:02","modified_gmt":"2021-07-22T11:39:02","slug":"istoricul-comunitatii","status":"publish","type":"page","link":"https:\/\/dev.wew.ro\/df\/despre-comunitatea-evreilor-din-brasov\/istoricul-comunitatii\/","title":{"rendered":"Istoricul comunit\u0103\u021bii"},"content":{"rendered":"\n<div class=\"wp-block-image\"><figure class=\"alignright size-full is-resized\"><img loading=\"lazy\" src=\"http:\/\/dev.wew.ro\/df\/wp-content\/uploads\/2021\/05\/Brasov-Synagogue-Beit-Israel-in-begining-of-1900-1.jpg\" alt=\"\" class=\"wp-image-115\" width=\"413\" height=\"540\" srcset=\"https:\/\/dev.wew.ro\/df\/wp-content\/uploads\/2021\/05\/Brasov-Synagogue-Beit-Israel-in-begining-of-1900-1.jpg 551w, https:\/\/dev.wew.ro\/df\/wp-content\/uploads\/2021\/05\/Brasov-Synagogue-Beit-Israel-in-begining-of-1900-1-230x300.jpg 230w\" sizes=\"(max-width: 413px) 100vw, 413px\" \/><\/figure><\/div>\n\n\n\n<p>Evreii au fost prezen\u021bi \u00een Bra\u0219ov \u00eenc\u0103 din secolul XV ca negustori, dar primii evrei stabili\u021bi \u00een ora\u0219 sunt consemna\u021bi abia \u00een 1807, av\u00e2nd aprobare de la Consiliul Local.<\/p>\n\n\n\n<p>\u00cen 1826 este \u00eenfiin\u021bat\u0103 oficial comunitatea evreiasc\u0103 const\u00e2nd din patru familii, printr-un decret imperial. Existau restric\u021bii \u00een ceea ce prive\u0219te meseriile pe care le puteau practica, ei put\u00e2ndu-se angaja doar dac\u0103 repectivul loc de munc\u0103 era refuzat de sa\u0219i. Evreii din Bra\u0219ov erau \u00een principal negustori, dar se g\u0103seau \u0219i meseria\u0219i (p\u0103l\u0103rieri, croitori, zugravi, bijutieri) sau intelectuali \u00een r\u00e2ndul popula\u021biei evreie\u0219ti.<\/p>\n\n\n\n<p>\u00cen 1860 este \u00eenfiin\u021bat\u0103 prima \u0219coal\u0103 confesional\u0103 de c\u0103tre Sigismund Steinhardt.<br>\u00cen 1877 comunitatea evreiasc\u0103 s-a divizat \u00eentre cea de rit ortodox \u0219i neolog (ashkenazi). Evreii de rit neolog (ashkenazi) construiesc o sinagoga \u00eentre 1899-1901 pe Str. Poarta \u0218chei nr. 29. Mai t\u00e2rziu, cei de rit ortodox si-au construit sinagoga din str. Castelului la numarul 64 (\u00een anul 1924).<\/p>\n\n\n\n<p>Num\u0103rul evreilor din Bra\u0219ov a crescut constant. Astfel, dac\u0103 \u00een 1890 tr\u0103iau \u00een ora\u0219 769 evrei, \u00een anul 1910 crescuse la 1.280 iar \u00een1940 popula\u021bia evreiasc\u0103 atinge 6.000 de persoane. Imediat dup\u0103 r\u0103zboi, num\u0103rul lor cre\u0219te la 6.000 de suflete ca urmare, \u00een special, a evreilor refugia\u021bi din Moldova, Basarabia \u0219i Bucovina.<\/p>\n\n\n\n<p>\u00cen 1912, evreii din Bra\u0219ov au \u00eenfiin\u021bat o filial\u0103 a ITO (Jewish Territorialist Organization), organiza\u021bie care c\u0103uta un c\u0103min pentru stabilirea poporului evreu.<\/p>\n\n\n\n<p>\u00cen 1921, a fost fondat clubul sportiv evreiesc Hakoah.<\/p>\n\n\n\n<p>Cu timpul, evreii au devenit \u00eentreprinz\u0103tori, ingineri, industria\u0219i, sau proprietari de ziare, av\u00e2nd un rol important \u00een via\u021ba economic\u0103 din perioada interbelic\u0103.<br>Perioada celui de-al doilea r\u0103zboi mondial a reprezentat o perioad\u0103 grea pentru membrii comunit\u0103\u021bii evreie\u0219ti din Bra\u0219ov. Chiar dac\u0103 nu au fost deporta\u021bi \u00een lag\u0103re, li s-a interzis s\u0103 fie proprietari de societ\u0103\u021bi comerciale, evreii fiind frecvent b\u0103tu\u021bi, iar copii lor da\u021bi afar\u0103 din \u0219coal\u0103.<\/p>\n\n\n\n<p>\u00cen anul 1941, sinagoga ortodox\u0103 a fost devastat\u0103 de legionari. Cu toate restric\u021biile \u0219i dificult\u0103\u021bile \u00eent\u00e2mpinate, evreii din Bra\u0219ov sunt mai feri\u021bi de pogromuri (a\u0219a cum s-a \u00eent\u00e2mplat la Ia\u0219i), fiind o destina\u021bie la \u00eendem\u00e2n\u0103 pentru cei veni\u021bi din Moldova \u0219i din Ardealul ocupat de regimul lui Miklos Horthy.<\/p>\n\n\n\n<p>Dup\u0103 r\u0103zboi, o parte important\u0103 a evreilor din Bra\u0219ov a emigrat spre Palestina. Crearea statului Israel \u00een 1948 accelereaz\u0103 migra\u021bia evreilor bra\u0219oveni, ALIA, astfel c\u0103 la data recens\u0103m\u00e2ntului popula\u021biei din 1956 \u00een ora\u0219 mai locuiau doar 1.759 evrei. Num\u0103rul lor a sc\u0103zut constant de atunci, ast\u0103zi fiind \u0219i mai mic.<\/p>\n\n\n\n<p>\u00centoarcerea \u00cen \u021aara Sf\u00e2nt\u0103 are loc \u00een valuri successive: anii 1951, 1956, 1964 \u0219i apoi, \u00een continuare, \u00een anii \u201970, \u201980, \u201990 au \u00eempu\u021binat num\u0103rul evreilor din ora\u0219 \u0219i \u00eemprejurimi.<\/p>\n\n\n\n<p>Comunitatea mic\u0103 de ast\u0103zi are o prezen\u021b\u0103 activ\u0103 \u00een via\u021ba ora\u0219ului men\u021bin\u00e2nd, cu multa dedicare, tradi\u021bia iudaic\u0103.<\/p>\n\n\n\n<p>\u00cen cadrul comunit\u0103\u021bii functioneaz\u0103 sinagoga neolog\u0103 (resfintita in septembrie 2001), un restaurant cu specific evreiesc recent deschis, un cabinet medical \u0219i un serviciu de asisten\u021b\u0103, toate realizate sub \u00eendrumarea Pre\u0219edintelui comunit\u0103\u021bii evreie\u0219ti din Bra\u0219ov, ing. Tiberiu Roth, care a de\u021binut aceasta func\u021bie peste 27 de ani.<\/p>\n\n\n\n<p>Ast\u0103zi, \u00een Bra\u0219ov locuiesc 281 de evrei (conform recens\u0103m\u00e2ntului din 2011), dintre care: 23 de persoane cu v\u00e2rste \u00eentre 0-15 ani, 46 de persoane cu v\u00e2rste \u00eentre 16-35 ani, 92 de persoane cu v\u00e2rste \u00eentre 36-60 ani, 120 persoane peste 60 ani.<br><br><\/p>\n\n\n\n<h3>Sinagoga Neolog\u0103 (ashkenazi)<\/h3>\n\n\n\n<p>Sinagoga Neolog\u0103 din Bra\u0219ov a fost construit\u0103 \u00eentre anii 1899-1901, dup\u0103 planurile arhitectului maghiar Lip\u00f3t (Leopold) Baumhorn (1860-1932) \u0219i a fost inaugurat\u0103 la 20 august 1901. Suprafa\u021ba cl\u0103dirii este de 657 m\u00b2.<\/p>\n\n\n\n<p>Stilul de construc\u021bie al sinagogii este stilul maur, ea av\u00e2nd planul unei bazilici cu trei nave. Sunt prezente elemente decorative gotice (rozete, ancadramentele ferestrelor \u0219i por\u021bilor) \u0219i romanice.<br>Sinagoga a fost renovat\u0103 \u00een anul 2001, cu ocazia \u00eemplinirii a 100 de ani de existen\u021b\u0103. Ea este folosit\u0103 \u0219i \u00een prezent \u00een scopuri rituale. Sinagoga Neolog\u0103 din Bra\u0219ov a fost inclus\u0103 pe Lista monumentelor istorice din jude\u021bul Bra\u0219ov din anul 2004.<\/p>\n\n\n\n<p>\u00cen curtea sinagogii comunitatea evreilor din Bra\u0219ov dispune de un restaurant cu specific iudaic recent deschis, un cabinet medical \u0219i un serviciu de asisten\u021b\u0103 la domiciliu. <br><br><\/p>\n\n\n\n<h3>Sinagoga ortodox\u0103<\/h3>\n\n\n\n<p>Sinagoga Ortodox\u0103 din Bra\u0219ov a fost construit\u0103 \u00een anul 1924 pe strada Castelului nr. 64, ca l\u0103ca\u0219 de cult al credincio\u0219ilor mozaici de rit ortodox (tradi\u021bionalist), pe o suprafa\u021b\u0103 de 365 m\u00b2. Pe l\u00e2ng\u0103 sinagog\u0103, func\u021bionau o baie ritual\u0103 \u0219i un cimitir central (pe str. Clo\u0219ca). Ea a func\u021bionat p\u00e2n\u0103 la cel de-al doilea r\u0103zboi mondial, c\u00e2nd a fost fost devastat\u0103 de c\u0103tre legionari \u00een 1941.<br>Stilul de construc\u021bie al sinagogii este stilul maur, ea av\u00e2nd o fa\u021bad\u0103 frumos ornat\u0103 cu un mozaic de ceramic\u0103 cu motive de plante \u0219i doi lei care sprijin\u0103 o menor\u0103. Deoarece \u00een cultul mozaic este permis\u0103 folosirea figurilor animale, prezen\u021ba mozaicului cu cei doi lei deasupra intr\u0103rii face ca sinagoga s\u0103 fie o raritate din acest punct de vedere.<br>\u00cen prezent, sinagoga este dezafectat\u0103, ea fiind folosit\u0103 p\u00e2n\u0103 nu demult ca depozit. Cl\u0103direa necesit\u0103 lucr\u0103ri de consolidare, dar gura t\u00e2rgului spune c\u0103 orice \u00eencercare de a o reabilita s-a lovit de refuzul autorit\u0103\u021bilor de a da autoriza\u021bii pe motiv c\u0103 funda\u021bia s-ar afla pe un sol lutos \u0219i instabil. Personal am locuit la mai putin de 200 de metri mai jos (strada Castelului nr. 70) mai bine de 3 ani \u0219i am observat c\u0103 \u00een \u00eemprejurimi se f\u0103ceau tot felul de reabilit\u0103ri ale cl\u0103dirilor f\u0103r\u0103 nicio opreli\u0219te.<\/p>\n\n\n\n<p><\/p>\n\n\n\n<p>Un text de <strong>Mihai NANU<\/strong><\/p>\n","protected":false},"excerpt":{"rendered":"<p>Evreii au fost prezen\u021bi \u00een Bra\u0219ov \u00eenc\u0103 din secolul XV ca negustori, dar primii evrei stabili\u021bi \u00een ora\u0219 sunt consemna\u021bi abia \u00een 1807, av\u00e2nd aprobare de la Consiliul Local. \u00cen 1826 este \u00eenfiin\u021bat\u0103 oficial comunitatea evreiasc\u0103 const\u00e2nd din patru familii, printr-un decret imperial. Existau restric\u021bii \u00een ceea ce prive\u0219te meseriile pe care le puteau practica, [&hellip;]<\/p>\n","protected":false},"author":1,"featured_media":0,"parent":16,"menu_order":0,"comment_status":"closed","ping_status":"closed","template":"","meta":{"pgc_sgb_lightbox_settings":""},"_links":{"self":[{"href":"https:\/\/dev.wew.ro\/df\/wp-json\/wp\/v2\/pages\/18"}],"collection":[{"href":"https:\/\/dev.wew.ro\/df\/wp-json\/wp\/v2\/pages"}],"about":[{"href":"https:\/\/dev.wew.ro\/df\/wp-json\/wp\/v2\/types\/page"}],"author":[{"embeddable":true,"href":"https:\/\/dev.wew.ro\/df\/wp-json\/wp\/v2\/users\/1"}],"replies":[{"embeddable":true,"href":"https:\/\/dev.wew.ro\/df\/wp-json\/wp\/v2\/comments?post=18"}],"version-history":[{"count":26,"href":"https:\/\/dev.wew.ro\/df\/wp-json\/wp\/v2\/pages\/18\/revisions"}],"predecessor-version":[{"id":248,"href":"https:\/\/dev.wew.ro\/df\/wp-json\/wp\/v2\/pages\/18\/revisions\/248"}],"up":[{"embeddable":true,"href":"https:\/\/dev.wew.ro\/df\/wp-json\/wp\/v2\/pages\/16"}],"wp:attachment":[{"href":"https:\/\/dev.wew.ro\/df\/wp-json\/wp\/v2\/media?parent=18"}],"curies":[{"name":"wp","href":"https:\/\/api.w.org\/{rel}","templated":true}]}}