{"id":34,"date":"2020-11-28T12:10:32","date_gmt":"2020-11-28T12:10:32","guid":{"rendered":"http:\/\/dev.wew.ro\/df\/?page_id=34"},"modified":"2021-08-07T11:10:46","modified_gmt":"2021-08-07T11:10:46","slug":"restaurant-kosher","status":"publish","type":"page","link":"https:\/\/dev.wew.ro\/df\/despre-comunitatea-evreilor-din-brasov\/restaurant-kosher\/","title":{"rendered":"Restaurant Kosher"},"content":{"rendered":"\n<figure class=\"wp-block-image size-full\"><img loading=\"lazy\" width=\"848\" height=\"315\" src=\"http:\/\/dev.wew.ro\/df\/wp-content\/uploads\/2021\/07\/kosher-restaurant-shalom.jpg\" alt=\"\" class=\"wp-image-250\" srcset=\"https:\/\/dev.wew.ro\/df\/wp-content\/uploads\/2021\/07\/kosher-restaurant-shalom.jpg 848w, https:\/\/dev.wew.ro\/df\/wp-content\/uploads\/2021\/07\/kosher-restaurant-shalom-300x111.jpg 300w, https:\/\/dev.wew.ro\/df\/wp-content\/uploads\/2021\/07\/kosher-restaurant-shalom-768x285.jpg 768w\" sizes=\"(max-width: 848px) 100vw, 848px\" \/><\/figure>\n\n\n\n<p><br>De aproape 40 de ani func\u021bioneaz\u0103 \u00een Bra\u0219ov, ca o component\u0103 fundamental\u0103 a Comunit\u0103\u021bii Evreilor din Bra\u0219ov, un restaurant Ca\u0219er, care ofer\u0103 tuturor doritorilor, produse ale buc\u0103t\u0103riei evreie\u0219ti, cu gusturi \u0219i arome de o mare varietate, rafinate de-a lungul a 4000 de ani de istorie a poporului evreu.<\/p>\n\n\n\n<p>De s\u0103rb\u0103tori, la restaurant se servesc mese festive. Cei interesa\u021bi sunt ruga\u021bi s\u0103 fac\u0103 rezerv\u0103ri din timp.<br><\/p>\n\n\n\n<figure class=\"wp-block-gallery columns-3 is-cropped\"><ul class=\"blocks-gallery-grid\"><li class=\"blocks-gallery-item\"><figure><a href=\"http:\/\/dev.wew.ro\/df\/wp-content\/uploads\/2021\/07\/brasov-restaurant-kosher-shalom-foto-3.jpg\"><img loading=\"lazy\" width=\"1024\" height=\"768\" src=\"http:\/\/dev.wew.ro\/df\/wp-content\/uploads\/2021\/07\/brasov-restaurant-kosher-shalom-foto-3-1024x768.jpg\" alt=\"\" data-id=\"258\" data-full-url=\"http:\/\/dev.wew.ro\/df\/wp-content\/uploads\/2021\/07\/brasov-restaurant-kosher-shalom-foto-3.jpg\" data-link=\"http:\/\/dev.wew.ro\/df\/brasov-restaurant-kosher-shalom-foto-3\/\" class=\"wp-image-258\" srcset=\"https:\/\/dev.wew.ro\/df\/wp-content\/uploads\/2021\/07\/brasov-restaurant-kosher-shalom-foto-3-1024x768.jpg 1024w, https:\/\/dev.wew.ro\/df\/wp-content\/uploads\/2021\/07\/brasov-restaurant-kosher-shalom-foto-3-300x225.jpg 300w, https:\/\/dev.wew.ro\/df\/wp-content\/uploads\/2021\/07\/brasov-restaurant-kosher-shalom-foto-3-768x576.jpg 768w, https:\/\/dev.wew.ro\/df\/wp-content\/uploads\/2021\/07\/brasov-restaurant-kosher-shalom-foto-3.jpg 1280w\" sizes=\"(max-width: 1024px) 100vw, 1024px\" \/><\/a><\/figure><\/li><li class=\"blocks-gallery-item\"><figure><a href=\"http:\/\/dev.wew.ro\/df\/wp-content\/uploads\/2021\/07\/brasov-restaurant-kosher-shalom-foto-6.jpg\"><img loading=\"lazy\" width=\"528\" height=\"960\" src=\"http:\/\/dev.wew.ro\/df\/wp-content\/uploads\/2021\/07\/brasov-restaurant-kosher-shalom-foto-6.jpg\" alt=\"\" data-id=\"257\" data-full-url=\"http:\/\/dev.wew.ro\/df\/wp-content\/uploads\/2021\/07\/brasov-restaurant-kosher-shalom-foto-6.jpg\" data-link=\"http:\/\/dev.wew.ro\/df\/brasov-restaurant-kosher-shalom-foto-6\/\" class=\"wp-image-257\" srcset=\"https:\/\/dev.wew.ro\/df\/wp-content\/uploads\/2021\/07\/brasov-restaurant-kosher-shalom-foto-6.jpg 528w, https:\/\/dev.wew.ro\/df\/wp-content\/uploads\/2021\/07\/brasov-restaurant-kosher-shalom-foto-6-165x300.jpg 165w\" sizes=\"(max-width: 528px) 100vw, 528px\" \/><\/a><\/figure><\/li><li class=\"blocks-gallery-item\"><figure><a href=\"http:\/\/dev.wew.ro\/df\/wp-content\/uploads\/2021\/07\/brasov-restaurant-kosher-shalom-foto-7.jpg\"><img loading=\"lazy\" width=\"960\" height=\"720\" src=\"http:\/\/dev.wew.ro\/df\/wp-content\/uploads\/2021\/07\/brasov-restaurant-kosher-shalom-foto-7.jpg\" alt=\"\" data-id=\"256\" data-full-url=\"http:\/\/dev.wew.ro\/df\/wp-content\/uploads\/2021\/07\/brasov-restaurant-kosher-shalom-foto-7.jpg\" data-link=\"http:\/\/dev.wew.ro\/df\/brasov-restaurant-kosher-shalom-foto-7\/\" class=\"wp-image-256\" srcset=\"https:\/\/dev.wew.ro\/df\/wp-content\/uploads\/2021\/07\/brasov-restaurant-kosher-shalom-foto-7.jpg 960w, https:\/\/dev.wew.ro\/df\/wp-content\/uploads\/2021\/07\/brasov-restaurant-kosher-shalom-foto-7-300x225.jpg 300w, https:\/\/dev.wew.ro\/df\/wp-content\/uploads\/2021\/07\/brasov-restaurant-kosher-shalom-foto-7-768x576.jpg 768w\" sizes=\"(max-width: 960px) 100vw, 960px\" \/><\/a><\/figure><\/li><li class=\"blocks-gallery-item\"><figure><a href=\"http:\/\/dev.wew.ro\/df\/wp-content\/uploads\/2021\/07\/brasov-restaurant-kosher-shalom-foto-2.jpg\"><img loading=\"lazy\" width=\"540\" height=\"960\" src=\"http:\/\/dev.wew.ro\/df\/wp-content\/uploads\/2021\/07\/brasov-restaurant-kosher-shalom-foto-2.jpg\" alt=\"\" data-id=\"252\" data-full-url=\"http:\/\/dev.wew.ro\/df\/wp-content\/uploads\/2021\/07\/brasov-restaurant-kosher-shalom-foto-2.jpg\" data-link=\"http:\/\/dev.wew.ro\/df\/brasov-restaurant-kosher-shalom-foto-2\/\" class=\"wp-image-252\" srcset=\"https:\/\/dev.wew.ro\/df\/wp-content\/uploads\/2021\/07\/brasov-restaurant-kosher-shalom-foto-2.jpg 540w, https:\/\/dev.wew.ro\/df\/wp-content\/uploads\/2021\/07\/brasov-restaurant-kosher-shalom-foto-2-169x300.jpg 169w\" sizes=\"(max-width: 540px) 100vw, 540px\" \/><\/a><\/figure><\/li><li class=\"blocks-gallery-item\"><figure><a href=\"http:\/\/dev.wew.ro\/df\/wp-content\/uploads\/2021\/07\/brasov-restaurant-kosher-shalom-foto-4.jpg\"><img loading=\"lazy\" width=\"960\" height=\"540\" src=\"http:\/\/dev.wew.ro\/df\/wp-content\/uploads\/2021\/07\/brasov-restaurant-kosher-shalom-foto-4.jpg\" alt=\"\" data-id=\"253\" data-full-url=\"http:\/\/dev.wew.ro\/df\/wp-content\/uploads\/2021\/07\/brasov-restaurant-kosher-shalom-foto-4.jpg\" data-link=\"http:\/\/dev.wew.ro\/df\/brasov-restaurant-kosher-shalom-foto-4\/\" class=\"wp-image-253\" srcset=\"https:\/\/dev.wew.ro\/df\/wp-content\/uploads\/2021\/07\/brasov-restaurant-kosher-shalom-foto-4.jpg 960w, https:\/\/dev.wew.ro\/df\/wp-content\/uploads\/2021\/07\/brasov-restaurant-kosher-shalom-foto-4-300x169.jpg 300w, https:\/\/dev.wew.ro\/df\/wp-content\/uploads\/2021\/07\/brasov-restaurant-kosher-shalom-foto-4-768x432.jpg 768w\" sizes=\"(max-width: 960px) 100vw, 960px\" \/><\/a><\/figure><\/li><li class=\"blocks-gallery-item\"><figure><a href=\"http:\/\/dev.wew.ro\/df\/wp-content\/uploads\/2021\/07\/brasov-restaurant-kosher-shalom-foto-5.jpg\"><img loading=\"lazy\" width=\"528\" height=\"960\" src=\"http:\/\/dev.wew.ro\/df\/wp-content\/uploads\/2021\/07\/brasov-restaurant-kosher-shalom-foto-5.jpg\" alt=\"\" data-id=\"254\" data-full-url=\"http:\/\/dev.wew.ro\/df\/wp-content\/uploads\/2021\/07\/brasov-restaurant-kosher-shalom-foto-5.jpg\" data-link=\"http:\/\/dev.wew.ro\/df\/brasov-restaurant-kosher-shalom-foto-5\/\" class=\"wp-image-254\" srcset=\"https:\/\/dev.wew.ro\/df\/wp-content\/uploads\/2021\/07\/brasov-restaurant-kosher-shalom-foto-5.jpg 528w, https:\/\/dev.wew.ro\/df\/wp-content\/uploads\/2021\/07\/brasov-restaurant-kosher-shalom-foto-5-165x300.jpg 165w\" sizes=\"(max-width: 528px) 100vw, 528px\" \/><\/a><\/figure><\/li><\/ul><\/figure>\n","protected":false},"excerpt":{"rendered":"<p>De aproape 40 de ani func\u021bioneaz\u0103 \u00een Bra\u0219ov, ca o component\u0103 fundamental\u0103 a Comunit\u0103\u021bii Evreilor din Bra\u0219ov, un restaurant Ca\u0219er, care ofer\u0103 tuturor doritorilor, produse ale buc\u0103t\u0103riei evreie\u0219ti, cu gusturi \u0219i arome de o mare varietate, rafinate de-a lungul a 4000 de ani de istorie a poporului evreu. De s\u0103rb\u0103tori, la restaurant se servesc mese [&hellip;]<\/p>\n","protected":false},"author":1,"featured_media":250,"parent":16,"menu_order":0,"comment_status":"closed","ping_status":"closed","template":"tmpl-sidebar-page.php","meta":{"pgc_sgb_lightbox_settings":""},"_links":{"self":[{"href":"https:\/\/dev.wew.ro\/df\/wp-json\/wp\/v2\/pages\/34"}],"collection":[{"href":"https:\/\/dev.wew.ro\/df\/wp-json\/wp\/v2\/pages"}],"about":[{"href":"https:\/\/dev.wew.ro\/df\/wp-json\/wp\/v2\/types\/page"}],"author":[{"embeddable":true,"href":"https:\/\/dev.wew.ro\/df\/wp-json\/wp\/v2\/users\/1"}],"replies":[{"embeddable":true,"href":"https:\/\/dev.wew.ro\/df\/wp-json\/wp\/v2\/comments?post=34"}],"version-history":[{"count":13,"href":"https:\/\/dev.wew.ro\/df\/wp-json\/wp\/v2\/pages\/34\/revisions"}],"predecessor-version":[{"id":317,"href":"https:\/\/dev.wew.ro\/df\/wp-json\/wp\/v2\/pages\/34\/revisions\/317"}],"up":[{"embeddable":true,"href":"https:\/\/dev.wew.ro\/df\/wp-json\/wp\/v2\/pages\/16"}],"wp:featuredmedia":[{"embeddable":true,"href":"https:\/\/dev.wew.ro\/df\/wp-json\/wp\/v2\/media\/250"}],"wp:attachment":[{"href":"https:\/\/dev.wew.ro\/df\/wp-json\/wp\/v2\/media?parent=34"}],"curies":[{"name":"wp","href":"https:\/\/api.w.org\/{rel}","templated":true}]}}